{"id":2478,"date":"2021-03-31T15:04:58","date_gmt":"2021-03-31T13:04:58","guid":{"rendered":"https:\/\/bellvr.eu\/?page_id=2478"},"modified":"2021-03-31T15:04:58","modified_gmt":"2021-03-31T13:04:58","slug":"polityka-prywatnosci-2","status":"publish","type":"page","link":"https:\/\/bellvr.eu\/pl\/polityka-prywatnosci-2\/","title":{"rendered":"Polityka Prywatno\u015bci"},"content":{"rendered":"<p><span style=\"font-weight: 400;\">Polityka Prywatno\u015bci<\/span><\/p>\n<p>&nbsp;<\/p>\n<p><span style=\"font-weight: 400;\">Drogi U\u017cytkowniku!<\/span><\/p>\n<p><span style=\"font-weight: 400;\">Poni\u017cej prezentujemy najwa\u017cniejsze informacje o zasadach przetwarzania przez nas Twoich danych osobowych oraz plikach cookies, kt\u00f3re s\u0105 wykorzystywane przez nasz\u0105, kierowan\u0105 do przedsi\u0119biorc\u00f3w, Stron\u0119.<\/span><\/p>\n<p><span style=\"font-weight: 400;\">Informacje te zosta\u0142y przygotowane z uwzgl\u0119dnieniem RODO<\/span><\/p>\n<p><span style=\"font-weight: 400;\">Niniejsza polityka ma zastosowanie do wszystkich dzia\u0142a\u0144 wykonywanych przez Administratora w ramach Strony, a tak\u017ce w zwi\u0105zku z ni\u0105.<\/span><\/p>\n<p><span style=\"font-weight: 400;\">ADMINISTRATOR DANYCH OSOBOWYCH<\/span><\/p>\n<p><span style=\"font-weight: 400;\">Administratorem danych osobowych podawanych za po\u015brednictwem Strony\u00a0 jest: itSilesia \u0141ukasz Lipka z siedzib\u0105 pod adresem ul. Joachima Lelewela 10, 40-280 Rydu\u0142towy, NIP, nr REGON (\u201eAdministrator\u201d).<\/span><\/p>\n<p><span style=\"font-weight: 400;\">Dane kontaktowe Administratora:<\/span><\/p>\n<p><span style=\"font-weight: 400;\">info@itsilesia.com<\/span><\/p>\n<p><span style=\"font-weight: 400;\">DANE OSOBOWE<\/span><\/p>\n<p><span style=\"font-weight: 400;\">Je\u015bli zamierzasz korzysta\u0107 z naszych us\u0142ug i um\u00f3wi\u0107 si\u0119 na prezentacj\u0119, zostaniesz poproszony o podanie nam Twoich danych osobowych.<\/span><\/p>\n<p><span style=\"font-weight: 400;\">Twoje dane przetwarzane s\u0105 przez nas we wskazanych poni\u017cej celach, zwi\u0105zanych z funkcjonowaniem Strony i \u015bwiadczeniem us\u0142ug na niej oferowanych (\u201eUs\u0142ugi\u201d), w zale\u017cno\u015bci od tego, na kt\u00f3re si\u0119 zdecydujesz.<\/span><\/p>\n<p><span style=\"font-weight: 400;\">Us\u0142ug\u0105 oferowan\u0105 na naszej Stronie jest w szczeg\u00f3lno\u015bci, ale nie wy\u0142\u0105cznie, us\u0142uga polegaj\u0105ca na: udost\u0119pnieniu oprogramowania do szkole\u0144 w VR\/AR w ramach licencji.<\/span><\/p>\n<p>&nbsp;<\/p>\n<p><span style=\"font-weight: 400;\">PRZETWARZANIE DANYCH<\/span><\/p>\n<p><span style=\"font-weight: 400;\">Przetwarzaj\u0105c Twoje dane osobowe stosujemy \u015brodki organizacyjne i techniczne zgodne z w\u0142a\u015bciwymi przepisami prawa (zw\u0142aszcza z RODO), w tym stosujemy szyfrowanie po\u0142\u0105czenia za pomoc\u0105 certyfikatu SSL.<\/span><\/p>\n<p>&nbsp;<\/p>\n<p><span style=\"font-weight: 400;\">CELE PRZETWARZANIA<\/span><\/p>\n<p><span style=\"font-weight: 400;\">W zale\u017cno\u015bci od tego, na co si\u0119 zdecydujesz, mo\u017ce to by\u0107:<\/span><\/p>\n<p><span style=\"font-weight: 400;\">\u2013 \u015bwiadczenie poszczeg\u00f3lnych us\u0142ug oferowanych na Stronie, w tym przygotowanie szkole\u0144 szkole\u0144,<\/span><\/p>\n<p><span style=\"font-weight: 400;\">\u2013 marketing bezpo\u015bredni oferowanych us\u0142ug<\/span><\/p>\n<p>&nbsp;<\/p>\n<p><span style=\"font-weight: 400;\">PODSTAWA PRZETWARZANIA DANYCH OSOBOWYCH<\/span><\/p>\n<p><span style=\"font-weight: 400;\">Twoje dane osobowe przetwarzamy tylko, gdy mamy ku temu podstaw\u0119 prawn\u0105. Podstawami, kt\u00f3re maj\u0105 zastosowanie, s\u0105:<\/span><\/p>\n<p><span style=\"font-weight: 400;\">\u2013 umowa o \u015bwiadczenie Us\u0142ug lub podj\u0119cia dzia\u0142a\u0144 na \u017c\u0105danie osoby, kt\u00f3rej dane dotycz\u0105, przed zawarciem tej umowy (art. 6 ust. 1 lit. b RODO),<\/span><\/p>\n<p><span style=\"font-weight: 400;\">\u2013 ci\u0105\u017c\u0105cy na nas obowi\u0105zek prawny, zw\u0142aszcza zwi\u0105zany z rachunkowo\u015bci\u0105 w przypadku odp\u0142atnych us\u0142ug (art. 6 ust. 1 lit. c RODO),<\/span><\/p>\n<p><span style=\"font-weight: 400;\">\u2013 nasz prawnie uzasadniony interes, polegaj\u0105cy na przetwarzaniu danych osobowych w celu ustalenia, dochodzenia lub obrony ewentualnych roszcze\u0144 zwi\u0105zanych z \u015bwiadczonymi Us\u0142ugami (art. 6 ust. 1 lit. f RODO),<\/span><\/p>\n<p><span style=\"font-weight: 400;\">\u2013 nasz prawnie uzasadniony interes, polegaj\u0105cy na profilowaniu u\u017cytkownik\u00f3w odwiedzaj\u0105cych Stron\u0119 w celach marketingowych (art. 6 ust. 1 lit. f RODO),<\/span><\/p>\n<p><span style=\"font-weight: 400;\">\u2013 nasz prawnie uzasadniony interes, polegaj\u0105cy na zbieraniu opinii u\u017cytkownik\u00f3w o Stronie i us\u0142ugach, co pozwala nam je ulepsza\u0107 zgodnie z sugestiami u\u017cytkownik\u00f3w (art. 6 ust. 1 lit. f RODO),<\/span><\/p>\n<p><span style=\"font-weight: 400;\">\u2013 nasz prawnie uzasadniony interes, polegaj\u0105cy na zbieraniu danych w celach statystycznych oraz analitycznych co pozwala nam na optymalizacj\u0119 naszej Strony (art. 6 ust. 1 lit. f RODO),<\/span><\/p>\n<p><span style=\"font-weight: 400;\">\u2013 Twoja zgoda wyra\u017cona na Stronie w przypadku gdy wyrazisz zgod\u0119 na przetwarzanie danych (art. 6 ust. 1 lit. a RODO). Je\u015bli podstaw\u0105 przetwarzania przez nas danych osobowych jest twoja zgoda pami\u0119taj, \u017ce mo\u017cesz j\u0105 w ka\u017cdej chwili wycofa\u0107 lub ograniczy\u0107.<\/span><\/p>\n<p>&nbsp;<\/p>\n<p><span style=\"font-weight: 400;\">Przetwarzanie danych do momentu cofni\u0119cia przez ciebie zgody pozostaje zgodne z prawem.<\/span><\/p>\n<p>&nbsp;<\/p>\n<p><span style=\"font-weight: 400;\">PODANIE DANYCH<\/span><\/p>\n<p><span style=\"font-weight: 400;\">Podanie danych osobowych na naszej Stronie w formularzu kontaktowym jest dobrowolne, ale w wi\u0119kszo\u015bci przypadk\u00f3w konieczne do skorzystania z Us\u0142ug (tj. zawarcia z nami umowy) lub otrzymywania informacji o \u015bwiadczonej us\u0142udze.<\/span><\/p>\n<p>&nbsp;<\/p>\n<p><span style=\"font-weight: 400;\">TWOJE PRAWA<\/span><\/p>\n<p><span style=\"font-weight: 400;\">Masz prawo:<\/span><\/p>\n<p><span style=\"font-weight: 400;\">\u2013 dost\u0119pu do twoich danych osobowych,<\/span><\/p>\n<p><span style=\"font-weight: 400;\">\u2013 ich sprostowania,<\/span><\/p>\n<p><span style=\"font-weight: 400;\">\u2013 \u017c\u0105dania usuni\u0119cia<\/span><\/p>\n<p><span style=\"font-weight: 400;\">\u2013 \u017c\u0105dania ograniczenia przetwarzania<\/span><\/p>\n<p><span style=\"font-weight: 400;\">\u2013 przeniesienia danych do innego administratora danych,<\/span><\/p>\n<p><span style=\"font-weight: 400;\">a tak\u017ce prawo:<\/span><\/p>\n<p><span style=\"font-weight: 400;\">\u2013 wniesienia sprzeciwu wobec przetwarzania,<\/span><\/p>\n<p><span style=\"font-weight: 400;\">\u2013 z przyczyn zwi\u0105zanych z twoj\u0105 szczeg\u00f3ln\u0105 sytuacj\u0105 \u2013 wobec przetwarzania dotycz\u0105cych ciebie danych osobowych opartego na art. 6 ust. 1 lit. f RODO (tj. na prawnie uzasadnionych interesach realizowanych przez administratora), w tym profilowania na podstawie tych przepis\u00f3w,<\/span><\/p>\n<p><span style=\"font-weight: 400;\">\u2013 je\u017celi dane osobowe s\u0105 przetwarzane na potrzeby marketingu bezpo\u015bredniego, w tym profilowania, w zakresie, w jakim przetwarzanie jest zwi\u0105zane z takim marketingiem bezpo\u015brednim.<\/span><\/p>\n<p><span style=\"font-weight: 400;\">Skontaktuj si\u0119 z nami, je\u015bli chcesz skorzysta\u0107 ze swoich praw. Nasze dane kontaktowe to: info@itsilesia.com.<\/span><\/p>\n<p><span style=\"font-weight: 400;\">Je\u015bli uznasz, \u017ce Twoje dane s\u0105 przetwarzane niezgodnie z prawem, mo\u017cesz z\u0142o\u017cy\u0107 skarg\u0119 do organu nadzorczego.<\/span><\/p>\n<p>&nbsp;<\/p>\n<p><span style=\"font-weight: 400;\">ODBIORCY DANYCH (PODMIOTY Z US\u0141UG, KT\u00d3RYCH KORZYSTAMY)<\/span><\/p>\n<p><span style=\"font-weight: 400;\">W zwi\u0105zku z naszym Serwisem korzystamy z us\u0142ug innych podmiot\u00f3w, kt\u00f3re \u015bwiadcz\u0105 dla nas us\u0142ugi wspieraj\u0105ce nasz\u0105 dzia\u0142alno\u015b\u0107. Tym samym Twoje dane mog\u0105 by\u0107 przekazywane, wy\u0142\u0105cznie w celach wskazanych w niniejszej polityce.<\/span><\/p>\n<p><span style=\"font-weight: 400;\">W przypadku u\u017cytkownik\u00f3w odwiedzaj\u0105cych Stron\u0119:<\/span><\/p>\n<p><span style=\"font-weight: 400;\">\u2013 firmom hostingowym zapewniaj\u0105cym nam miejsce na serwerach,<\/span><\/p>\n<p><span style=\"font-weight: 400;\">\u2013 dostawcom narz\u0119dzi wykorzystywanych w celach marketingowych lub analitycznych \u2013 o ile u\u017cytkownik nie wniesie skutecznego sprzeciwu w stosunku do takiego przetwarzania jego danych. W przypadku us\u0142ug opartych o pliki cookies sprzeciw mo\u017ce by\u0107 w szczeg\u00f3lno\u015bci wyra\u017cony za po\u015brednictwem ustawie\u0144 przegl\u0105darki.<\/span><\/p>\n<p><span style=\"font-weight: 400;\">W przypadku wszystkich Us\u0142ug:<\/span><\/p>\n<p><span style=\"font-weight: 400;\">\u2013 firmom hostingowym zapewniaj\u0105cym miejsce na serwerach,<\/span><\/p>\n<p><span style=\"font-weight: 400;\">\u2013 osobom wsp\u00f3\u0142pracuj\u0105cym z nami na podstawie um\u00f3w cywilnoprawnych, wspieraj\u0105cym nasz\u0105 bie\u017c\u0105c\u0105 dzia\u0142alno\u015b\u0107,<\/span><\/p>\n<p><span style=\"font-weight: 400;\">\u2013 dostawcy us\u0142ug internetowych,<\/span><\/p>\n<p><span style=\"font-weight: 400;\">\u2013 dostawcom oprogramowania do obs\u0142ugi klient\u00f3w oraz potencjalnych klient\u00f3w w zwi\u0105zku z Us\u0142ugami,<\/span><\/p>\n<p><span style=\"font-weight: 400;\">*W tych przypadkach mo\u017ce mie\u0107 miejsce przetwarzanie twoich danych r\u00f3wnie\u017c przez podmioty spoza Unii Europejskiej. W\u0142a\u015bciwy poziom ochrony twoich danych, w tym poprzez stosowanie odpowiednich zabezpiecze\u0144, zapewnia uczestnictwo tych podmiot\u00f3w w Tarczy Prywatno\u015bci UE-USA, ustanowionej decyzj\u0105 wykonawcz\u0105 Komisji Europejskiej jako zbi\u00f3r zasad gwarantuj\u0105cych odpowiedni\u0105 ochron\u0119 twojej prywatno\u015bci.<\/span><\/p>\n<p>&nbsp;<\/p>\n<p><span style=\"font-weight: 400;\">OKRES PRZETWARZANIA<\/span><\/p>\n<p><span style=\"font-weight: 400;\">Twoje dane b\u0119dziemy przetwarza\u0107 tylko przez okres, w kt\u00f3rym b\u0119dziemy mie\u0107 ku temu podstaw\u0119 prawn\u0105, a wi\u0119c do momentu, w kt\u00f3rym:<\/span><\/p>\n<p><span style=\"font-weight: 400;\">\u2013 przestanie ci\u0105\u017cy\u0107 na nas obowi\u0105zek prawny, zobowi\u0105zuj\u0105cy nas do przetwarzania twoich danych lub<\/span><\/p>\n<p><span style=\"font-weight: 400;\">\u2013 ustanie mo\u017cliwo\u015b\u0107 dochodzenia ewentualnych roszcze\u0144 zwi\u0105zanych w zwi\u0105zku nasz\u0105 wsp\u00f3\u0142prac\u0105 przez ka\u017cd\u0105 ze stron lub<\/span><\/p>\n<p><span style=\"font-weight: 400;\">\u2013 cofniesz zgod\u0119 na przetwarzanie danych, je\u015bli to ona by\u0142a jego podstaw\u0105 lub<\/span><\/p>\n<p><span style=\"font-weight: 400;\">\u2013 zostanie przyj\u0119ty tw\u00f3j sprzeciw wobec przetwarzania twoich danych osobowych w przypadku gdy podstaw\u0105 przetwarzania twoich danych by\u0142 uzasadniony interes administratora lub dane by\u0142y przetwarzane w celu marketingu bezpo\u015bredniego.<\/span><\/p>\n<p><span style=\"font-weight: 400;\">\u2013 w zale\u017cno\u015bci od tego, co ma zastosowanie w danym przypadku i co nast\u0105pi najp\u00f3\u017aniej.<\/span><\/p>\n<p>&nbsp;<\/p>\n<p><span style=\"font-weight: 400;\">PLIKI COOKIES (\u201eCIASTECZKA\u201d)<\/span><\/p>\n<p><span style=\"font-weight: 400;\">Nasz Serwis, jak wi\u0119kszo\u015b\u0107 witryn internetowych, korzysta z plik\u00f3w cookies (tzw. ciasteczek). Pliki te s\u0105 zapisywane w pami\u0119ci twojego urz\u0105dzenia (komputera, telefonu, itd.).<\/span><\/p>\n<p><span style=\"font-weight: 400;\">W naszym Serwisie ciasteczka wykorzystywane s\u0105 w celu:<\/span><\/p>\n<p><span style=\"font-weight: 400;\">\u2013 zapami\u0119tywania informacji o twojej sesji,<\/span><\/p>\n<p><span style=\"font-weight: 400;\">\u2013 statystycznym co pozwala nam rozwija\u0107 Serwis, a zw\u0142aszcza \u015bwiadczone Us\u0142ugi,<\/span><\/p>\n<p><span style=\"font-weight: 400;\">\u2013 marketingowym \u2013 dzi\u0119ki temu wy\u015bwietlamy ci reklamy dopasowane do twoich zainteresowa\u0144 i potrzeb,<\/span><\/p>\n<p><span style=\"font-weight: 400;\">\u2013 udost\u0119pniania funkcji Serwisu, w tym mo\u017cliwo\u015bci korzystania z naszych Us\u0142ug,<\/span><\/p>\n<p><span style=\"font-weight: 400;\">\u2013 prawid\u0142owego, a tak\u017ce sprawniejszego tj. szybszego i \u0142atwiejszego dla u\u017cytkownika, dzia\u0142ania Serwisu.<\/span><\/p>\n<p>&nbsp;<\/p>\n<p><span style=\"font-weight: 400;\">Ciasteczka nie powoduj\u0105 zmian w ustawieniach twojego urz\u0105dzenia.<\/span><\/p>\n<p><span style=\"font-weight: 400;\">Korzystaj\u0105c z odpowiednich opcji twojej przegl\u0105darki, w ka\u017cdej chwili mo\u017cesz usun\u0105\u0107 pliki cookies lub blokowa\u0107 wykorzystanie plik\u00f3w cookies w przysz\u0142o\u015bci.<\/span><\/p>\n<p><span style=\"font-weight: 400;\">Aby dowiedzie\u0107 si\u0119 jak zarz\u0105dza\u0107 plikami cookies, w tym jak wy\u0142\u0105czy\u0107 ich obs\u0142ug\u0119 w twojej przegl\u0105darce, mo\u017cesz skorzysta\u0107 z pliku pomocy twojej przegl\u0105darki. Z informacjami na ten temat mo\u017cesz zapozna\u0107 si\u0119 wciskaj\u0105c klawisz F1 w przegl\u0105darce.<\/span><\/p>\n<p><span style=\"font-weight: 400;\">Ponadto odpowiednie wskaz\u00f3wki znajdziesz na nast\u0119puj\u0105cych podstronach, w zale\u017cno\u015bci od przegl\u0105darki, kt\u00f3rej u\u017cywasz:<\/span><\/p>\n<p><span style=\"font-weight: 400;\">\u2013 Firefox,<\/span><\/p>\n<p><span style=\"font-weight: 400;\">\u2013 Chrome,<\/span><\/p>\n<p><span style=\"font-weight: 400;\">\u2013 Safari,<\/span><\/p>\n<p><span style=\"font-weight: 400;\">\u2013 Internet Explorer \/ Microsoft Edge.<\/span><\/p>\n<p><span style=\"font-weight: 400;\">Je\u015bli nie wy\u0142\u0105czysz wykorzystywania plik\u00f3w cookies w ustawieniach przegl\u0105darki, oznacza to, \u017ce wyra\u017casz zgod\u0119 na ich wykorzystanie.<\/span><\/p>\n<p><span style=\"font-weight: 400;\">W naszym Serwisie wykorzystujemy dwa rodzaje ciasteczek tj.:<\/span><\/p>\n<p><span style=\"font-weight: 400;\">\u2013 sesyjne \u2013 pozostaj\u0105ce na twoim urz\u0105dzeniu jedynie podczas korzystania z Serwisu,<\/span><\/p>\n<p><span style=\"font-weight: 400;\">\u2013 sta\u0142e \u2013 pozostaj\u0105ce na twoim urz\u0105dzeniu tak d\u0142ugo jak jest ustawiony dla nich czas \u017cycia lub do momentu ich usuni\u0119cia przez ciebie.<\/span><\/p>\n","protected":false},"excerpt":{"rendered":"<p>Polityka Prywatno\u015bci &nbsp; Drogi U\u017cytkowniku! Poni\u017cej prezentujemy najwa\u017cniejsze informacje o zasadach przetwarzania przez nas Twoich danych osobowych oraz plikach cookies, kt\u00f3re s\u0105 wykorzystywane przez nasz\u0105, kierowan\u0105 do przedsi\u0119biorc\u00f3w, Stron\u0119. Informacje te zosta\u0142y przygotowane z uwzgl\u0119dnieniem RODO Niniejsza polityka ma zastosowanie do wszystkich dzia\u0142a\u0144 wykonywanych przez Administratora w ramach Strony, a tak\u017ce w zwi\u0105zku z ni\u0105&#8230;.<\/p>\n","protected":false},"author":1,"featured_media":0,"parent":0,"menu_order":0,"comment_status":"closed","ping_status":"closed","template":"","meta":{"footnotes":""},"class_list":{"0":"post-2478","1":"page","2":"type-page","3":"status-publish","4":"hentry","5":"","8":" nt-post-class "},"translation":{"provider":"WPGlobus","version":"3.0.0","language":"pl","enabled_languages":["en","pl","de"],"languages":{"en":{"title":true,"content":true,"excerpt":false},"pl":{"title":false,"content":false,"excerpt":false},"de":{"title":false,"content":false,"excerpt":false}}},"yoast_head":"<!-- This site is optimized with the Yoast SEO plugin v24.2 - https:\/\/yoast.com\/wordpress\/plugins\/seo\/ -->\n<title>Polityka Prywatno\u015bci - BellVR<\/title>\n<meta name=\"robots\" content=\"index, follow, max-snippet:-1, max-image-preview:large, max-video-preview:-1\" \/>\n<link rel=\"canonical\" href=\"https:\/\/bellvr.eu\/polityka-prywatnosci-2\/\" \/>\n<meta property=\"og:locale\" content=\"pl_PL\" \/>\n<meta property=\"og:type\" content=\"article\" \/>\n<meta property=\"og:title\" content=\"Polityka Prywatno\u015bci - BellVR\" \/>\n<meta property=\"og:url\" content=\"https:\/\/bellvr.eu\/polityka-prywatnosci-2\/\" \/>\n<meta property=\"og:site_name\" content=\"BellVR\" \/>\n<meta name=\"twitter:card\" content=\"summary_large_image\" \/>\n<meta name=\"twitter:label1\" content=\"Szacowany czas czytania\" \/>\n\t<meta name=\"twitter:data1\" content=\"7 minut\" \/>\n<script type=\"application\/ld+json\" class=\"yoast-schema-graph\">{\"@context\":\"https:\/\/schema.org\",\"@graph\":[{\"@type\":\"WebPage\",\"@id\":\"https:\/\/bellvr.eu\/polityka-prywatnosci-2\/\",\"url\":\"https:\/\/bellvr.eu\/polityka-prywatnosci-2\/\",\"name\":\"Polityka Prywatno\u015bci - BellVR\",\"isPartOf\":{\"@id\":\"https:\/\/bellvr.eu\/#website\"},\"datePublished\":\"2021-03-31T13:04:58+00:00\",\"dateModified\":\"2021-03-31T13:04:58+00:00\",\"breadcrumb\":{\"@id\":\"https:\/\/bellvr.eu\/polityka-prywatnosci-2\/#breadcrumb\"},\"inLanguage\":\"pl-PL\",\"potentialAction\":[{\"@type\":\"ReadAction\",\"target\":[\"https:\/\/bellvr.eu\/polityka-prywatnosci-2\/\"]}]},{\"@type\":\"BreadcrumbList\",\"@id\":\"https:\/\/bellvr.eu\/polityka-prywatnosci-2\/#breadcrumb\",\"itemListElement\":[{\"@type\":\"ListItem\",\"position\":1,\"name\":\"Strona g\u0142\u00f3wna\",\"item\":\"https:\/\/bellvr.eu\/\"},{\"@type\":\"ListItem\",\"position\":2,\"name\":\"Polityka Prywatno\u015bci\"}]},{\"@type\":\"WebSite\",\"@id\":\"https:\/\/bellvr.eu\/#website\",\"url\":\"https:\/\/bellvr.eu\/\",\"name\":\"BellVR\",\"description\":\"Nowa rzeczywisto\u015b\u0107 szkole\u0144\",\"publisher\":{\"@id\":\"https:\/\/bellvr.eu\/#organization\"},\"potentialAction\":[{\"@type\":\"SearchAction\",\"target\":{\"@type\":\"EntryPoint\",\"urlTemplate\":\"https:\/\/bellvr.eu\/?s={search_term_string}\"},\"query-input\":{\"@type\":\"PropertyValueSpecification\",\"valueRequired\":true,\"valueName\":\"search_term_string\"}}],\"inLanguage\":\"pl-PL\"},{\"@type\":\"Organization\",\"@id\":\"https:\/\/bellvr.eu\/#organization\",\"name\":\"BellVR\",\"url\":\"https:\/\/bellvr.eu\/\",\"logo\":{\"@type\":\"ImageObject\",\"inLanguage\":\"pl-PL\",\"@id\":\"https:\/\/bellvr.eu\/#\/schema\/logo\/image\/\",\"url\":\"https:\/\/bellvr.eu\/wp-content\/uploads\/2021\/03\/logo.png\",\"contentUrl\":\"https:\/\/bellvr.eu\/wp-content\/uploads\/2021\/03\/logo.png\",\"width\":329,\"height\":83,\"caption\":\"BellVR\"},\"image\":{\"@id\":\"https:\/\/bellvr.eu\/#\/schema\/logo\/image\/\"}}]}<\/script>\n<!-- \/ Yoast SEO plugin. -->","yoast_head_json":{"title":"Polityka Prywatno\u015bci - BellVR","robots":{"index":"index","follow":"follow","max-snippet":"max-snippet:-1","max-image-preview":"max-image-preview:large","max-video-preview":"max-video-preview:-1"},"canonical":"https:\/\/bellvr.eu\/polityka-prywatnosci-2\/","og_locale":"pl_PL","og_type":"article","og_title":"Polityka Prywatno\u015bci - BellVR","og_url":"https:\/\/bellvr.eu\/polityka-prywatnosci-2\/","og_site_name":"BellVR","twitter_card":"summary_large_image","twitter_misc":{"Szacowany czas czytania":"7 minut"},"schema":{"@context":"https:\/\/schema.org","@graph":[{"@type":"WebPage","@id":"https:\/\/bellvr.eu\/polityka-prywatnosci-2\/","url":"https:\/\/bellvr.eu\/polityka-prywatnosci-2\/","name":"Polityka Prywatno\u015bci - BellVR","isPartOf":{"@id":"https:\/\/bellvr.eu\/#website"},"datePublished":"2021-03-31T13:04:58+00:00","dateModified":"2021-03-31T13:04:58+00:00","breadcrumb":{"@id":"https:\/\/bellvr.eu\/polityka-prywatnosci-2\/#breadcrumb"},"inLanguage":"pl-PL","potentialAction":[{"@type":"ReadAction","target":["https:\/\/bellvr.eu\/polityka-prywatnosci-2\/"]}]},{"@type":"BreadcrumbList","@id":"https:\/\/bellvr.eu\/polityka-prywatnosci-2\/#breadcrumb","itemListElement":[{"@type":"ListItem","position":1,"name":"Strona g\u0142\u00f3wna","item":"https:\/\/bellvr.eu\/"},{"@type":"ListItem","position":2,"name":"Polityka Prywatno\u015bci"}]},{"@type":"WebSite","@id":"https:\/\/bellvr.eu\/#website","url":"https:\/\/bellvr.eu\/","name":"BellVR","description":"Nowa rzeczywisto\u015b\u0107 szkole\u0144","publisher":{"@id":"https:\/\/bellvr.eu\/#organization"},"potentialAction":[{"@type":"SearchAction","target":{"@type":"EntryPoint","urlTemplate":"https:\/\/bellvr.eu\/?s={search_term_string}"},"query-input":{"@type":"PropertyValueSpecification","valueRequired":true,"valueName":"search_term_string"}}],"inLanguage":"pl-PL"},{"@type":"Organization","@id":"https:\/\/bellvr.eu\/#organization","name":"BellVR","url":"https:\/\/bellvr.eu\/","logo":{"@type":"ImageObject","inLanguage":"pl-PL","@id":"https:\/\/bellvr.eu\/#\/schema\/logo\/image\/","url":"https:\/\/bellvr.eu\/wp-content\/uploads\/2021\/03\/logo.png","contentUrl":"https:\/\/bellvr.eu\/wp-content\/uploads\/2021\/03\/logo.png","width":329,"height":83,"caption":"BellVR"},"image":{"@id":"https:\/\/bellvr.eu\/#\/schema\/logo\/image\/"}}]}},"_links":{"self":[{"href":"https:\/\/bellvr.eu\/pl\/wp-json\/wp\/v2\/pages\/2478","targetHints":{"allow":["GET"]}}],"collection":[{"href":"https:\/\/bellvr.eu\/pl\/wp-json\/wp\/v2\/pages"}],"about":[{"href":"https:\/\/bellvr.eu\/pl\/wp-json\/wp\/v2\/types\/page"}],"author":[{"embeddable":true,"href":"https:\/\/bellvr.eu\/pl\/wp-json\/wp\/v2\/users\/1"}],"replies":[{"embeddable":true,"href":"https:\/\/bellvr.eu\/pl\/wp-json\/wp\/v2\/comments?post=2478"}],"version-history":[{"count":1,"href":"https:\/\/bellvr.eu\/pl\/wp-json\/wp\/v2\/pages\/2478\/revisions"}],"predecessor-version":[{"id":2479,"href":"https:\/\/bellvr.eu\/pl\/wp-json\/wp\/v2\/pages\/2478\/revisions\/2479"}],"wp:attachment":[{"href":"https:\/\/bellvr.eu\/pl\/wp-json\/wp\/v2\/media?parent=2478"}],"curies":[{"name":"wp","href":"https:\/\/api.w.org\/{rel}","templated":true}]}}